{"id":3216,"date":"2018-05-15T16:29:44","date_gmt":"2018-05-15T14:29:44","guid":{"rendered":"http:\/\/www.bayerwald-rebellen.de\/side\/?page_id=3216"},"modified":"2024-05-27T15:13:32","modified_gmt":"2024-05-27T13:13:32","slug":"unsere-gschicht","status":"publish","type":"page","link":"https:\/\/www.bayerwald-rebellen.de\/side\/unsere-gschicht\/","title":{"rendered":"Unsere G`schicht"},"content":{"rendered":"\n<style type=\"text\/css\" data-created_by=\"avia_inline_auto\" id=\"style-css-av-3sewls-8e4a0f6c40741e15ee5f555bc10b3213\">\n.avia-section.av-3sewls-8e4a0f6c40741e15ee5f555bc10b3213 .av-parallax .av-parallax-inner{\nbackground-repeat:no-repeat;\nbackground-image:url(https:\/\/www.bayerwald-rebellen.de\/side\/wp-content\/uploads\/2021\/04\/feiner-bayerwald-rebellen.jpg);\nbackground-position:100% 100%;\nbackground-attachment:scroll;\n}\n<\/style>\n<div id='av_section_1'  class='avia-section av-3sewls-8e4a0f6c40741e15ee5f555bc10b3213 main_color avia-section-default avia-no-shadow  avia-builder-el-0  el_before_av_textblock  avia-builder-el-first  avia-full-stretch av-parallax-section avia-bg-style-parallax av-minimum-height av-minimum-height-25 av-height-25  container_wrap fullsize'  data-section-bg-repeat='stretch' data-av_minimum_height_pc='25' data-av_min_height_opt='25'><div class='av-parallax' data-avia-parallax-ratio='0.3' ><div class='av-parallax-inner main_color avia-full-stretch'><\/div><\/div><div class='container av-section-cont-open' ><main  role=\"main\" itemprop=\"mainContentOfPage\"  class='template-page content  av-content-full alpha units'><div class='post-entry post-entry-type-page post-entry-3216'><div class='entry-content-wrapper clearfix'><\/div><\/div><\/main><!-- close content main element --><\/div><\/div><div id='after_section_1'  class='main_color av_default_container_wrap container_wrap fullsize'  ><div class='container av-section-cont-open' ><div class='template-page content  av-content-full alpha units'><div class='post-entry post-entry-type-page post-entry-3216'><div class='entry-content-wrapper clearfix'>\n<section  class='av_textblock_section av-23hm9s-9a8f0d60b3faab092e19c43bb0ec7665 '   itemscope=\"itemscope\" itemtype=\"https:\/\/schema.org\/CreativeWork\" ><div class='avia_textblock'  itemprop=\"text\" ><p style=\"text-align: left;\">\u201eBayerwald-Rebellen&#8220; &#8211; Musik &#8222;von &#8222;bis&#8220;:<\/p>\n<p style=\"text-align: left;\">Die Zuh\u00f6rer d\u00fcrfen allein schon durch den Namen auf das breite Spektrum der Band hingewiesen werden. Besonders zu erw\u00e4hnen ist, dass sie es geschafft haben, sich von anderen Bands durch die Findung ihres eigenen Stils, der Ausdruckskraft und vielen pers\u00f6nlich eingebrachten Elementen, abzuheben:<\/p>\n<ul>\n<li>zahlreiche Auftritte (Hochzeit, Fasching, Fest, Kirwa&#8230;)<\/li>\n<li>G\u00e4ubodenfest Straubing<\/li>\n<li>Schweiz<\/li>\n<li>Radio und Fernsehen<\/li>\n<li>&#8230;<\/li>\n<\/ul>\n<\/div><\/section>\n","protected":false},"excerpt":{"rendered":"","protected":false},"author":2,"featured_media":0,"parent":0,"menu_order":0,"comment_status":"closed","ping_status":"closed","template":"","meta":{"footnotes":""},"class_list":["post-3216","page","type-page","status-publish","hentry"],"_links":{"self":[{"href":"https:\/\/www.bayerwald-rebellen.de\/side\/wp-json\/wp\/v2\/pages\/3216","targetHints":{"allow":["GET"]}}],"collection":[{"href":"https:\/\/www.bayerwald-rebellen.de\/side\/wp-json\/wp\/v2\/pages"}],"about":[{"href":"https:\/\/www.bayerwald-rebellen.de\/side\/wp-json\/wp\/v2\/types\/page"}],"author":[{"embeddable":true,"href":"https:\/\/www.bayerwald-rebellen.de\/side\/wp-json\/wp\/v2\/users\/2"}],"replies":[{"embeddable":true,"href":"https:\/\/www.bayerwald-rebellen.de\/side\/wp-json\/wp\/v2\/comments?post=3216"}],"version-history":[{"count":0,"href":"https:\/\/www.bayerwald-rebellen.de\/side\/wp-json\/wp\/v2\/pages\/3216\/revisions"}],"wp:attachment":[{"href":"https:\/\/www.bayerwald-rebellen.de\/side\/wp-json\/wp\/v2\/media?parent=3216"}],"curies":[{"name":"wp","href":"https:\/\/api.w.org\/{rel}","templated":true}]}}